{"id":958,"date":"2024-02-14T15:07:10","date_gmt":"2024-02-14T14:07:10","guid":{"rendered":"https:\/\/ek-bud.pl\/?page_id=958"},"modified":"2024-07-05T22:27:40","modified_gmt":"2024-07-05T20:27:40","slug":"zamiatarki","status":"publish","type":"page","link":"https:\/\/ek-bud.pl\/index.php\/zamiatarki\/","title":{"rendered":"Zamiatarki"},"content":{"rendered":"\t\t<div data-elementor-type=\"wp-page\" data-elementor-id=\"958\" class=\"elementor elementor-958\" data-elementor-post-type=\"page\">\n\t\t\t\t\t\t<section class=\"elementor-section elementor-top-section elementor-element elementor-element-58d8c6d elementor-section-full_width elementor-section-height-min-height elementor-hidden-tablet elementor-hidden-mobile elementor-section-height-default elementor-section-items-middle\" data-id=\"58d8c6d\" data-element_type=\"section\" data-settings=\"{&quot;background_background&quot;:&quot;classic&quot;}\">\n\t\t\t\t\t\t\t<div class=\"elementor-background-overlay\"><\/div>\n\t\t\t\t\t\t\t<div class=\"elementor-container elementor-column-gap-no\">\n\t\t\t\t\t<div class=\"elementor-column elementor-col-100 elementor-top-column elementor-element elementor-element-3f9029d\" data-id=\"3f9029d\" data-element_type=\"column\">\n\t\t\t<div class=\"elementor-widget-wrap elementor-element-populated\">\n\t\t\t\t\t\t\t<\/div>\n\t\t<\/div>\n\t\t\t\t\t<\/div>\n\t\t<\/section>\n\t\t\t\t<section class=\"elementor-section elementor-top-section elementor-element elementor-element-ab7a262 elementor-section-full_width elementor-section-height-min-height elementor-hidden-desktop elementor-section-height-default elementor-section-items-middle\" data-id=\"ab7a262\" data-element_type=\"section\" data-settings=\"{&quot;background_background&quot;:&quot;classic&quot;}\">\n\t\t\t\t\t\t\t<div class=\"elementor-background-overlay\"><\/div>\n\t\t\t\t\t\t\t<div class=\"elementor-container elementor-column-gap-no\">\n\t\t\t\t\t<div class=\"elementor-column elementor-col-100 elementor-top-column elementor-element elementor-element-bb86b4b\" data-id=\"bb86b4b\" data-element_type=\"column\" data-settings=\"{&quot;background_background&quot;:&quot;classic&quot;}\">\n\t\t\t<div class=\"elementor-widget-wrap elementor-element-populated\">\n\t\t\t\t\t\t\t<\/div>\n\t\t<\/div>\n\t\t\t\t\t<\/div>\n\t\t<\/section>\n\t\t\t\t<section class=\"elementor-section elementor-top-section elementor-element elementor-element-e523bb9 elementor-section-full_width elementor-section-height-min-height elementor-section-items-stretch elementor-section-content-middle elementor-section-height-default\" data-id=\"e523bb9\" data-element_type=\"section\">\n\t\t\t\t\t\t<div class=\"elementor-container elementor-column-gap-no\">\n\t\t\t\t\t<div class=\"elementor-column elementor-col-50 elementor-top-column elementor-element elementor-element-66f810a\" data-id=\"66f810a\" data-element_type=\"column\">\n\t\t\t<div class=\"elementor-widget-wrap elementor-element-populated\">\n\t\t\t\t\t\t<div class=\"elementor-element elementor-element-7bcc227 animated-fast elementor-hidden-tablet elementor-hidden-mobile elementor-invisible elementor-widget elementor-widget-heading\" data-id=\"7bcc227\" data-element_type=\"widget\" data-settings=\"{&quot;_animation&quot;:&quot;fadeIn&quot;}\" data-widget_type=\"heading.default\">\n\t\t\t\t<div class=\"elementor-widget-container\">\n\t\t\t\t\t<h1 class=\"elementor-heading-title elementor-size-default\">US\u0141UGI ZAMIATAREK<\/h1>\t\t\t\t<\/div>\n\t\t\t\t<\/div>\n\t\t\t\t<div class=\"elementor-element elementor-element-a18537b animated-fast elementor-hidden-desktop elementor-invisible elementor-widget elementor-widget-heading\" data-id=\"a18537b\" data-element_type=\"widget\" data-settings=\"{&quot;_animation&quot;:&quot;fadeIn&quot;}\" data-widget_type=\"heading.default\">\n\t\t\t\t<div class=\"elementor-widget-container\">\n\t\t\t\t\t<h1 class=\"elementor-heading-title elementor-size-default\">US\u0141UGI ZAMIATAREK<\/h1>\t\t\t\t<\/div>\n\t\t\t\t<\/div>\n\t\t\t\t<section class=\"elementor-section elementor-inner-section elementor-element elementor-element-5d7b2f0 elementor-section-full_width elementor-section-height-default elementor-section-height-default\" data-id=\"5d7b2f0\" data-element_type=\"section\">\n\t\t\t\t\t\t<div class=\"elementor-container elementor-column-gap-no\">\n\t\t\t\t\t<div class=\"elementor-column elementor-col-100 elementor-inner-column elementor-element elementor-element-6c7bc72 elementor-invisible\" data-id=\"6c7bc72\" data-element_type=\"column\" data-settings=\"{&quot;animation&quot;:&quot;fadeIn&quot;,&quot;animation_delay&quot;:&quot;200&quot;}\">\n\t\t\t<div class=\"elementor-widget-wrap elementor-element-populated\">\n\t\t\t\t\t\t<div class=\"elementor-element elementor-element-8724d36 elementor-invisible elementor-widget elementor-widget-heading\" data-id=\"8724d36\" data-element_type=\"widget\" data-settings=\"{&quot;_animation&quot;:&quot;fadeIn&quot;}\" data-widget_type=\"heading.default\">\n\t\t\t\t<div class=\"elementor-widget-container\">\n\t\t\t\t\t<h4 class=\"elementor-heading-title elementor-size-default\">Zamieciemy ka\u017cdy brud<\/h4>\t\t\t\t<\/div>\n\t\t\t\t<\/div>\n\t\t\t\t<div class=\"elementor-element elementor-element-4b64c94 elementor-widget-divider--view-line elementor-widget elementor-widget-divider\" data-id=\"4b64c94\" data-element_type=\"widget\" data-widget_type=\"divider.default\">\n\t\t\t\t<div class=\"elementor-widget-container\">\n\t\t\t\t\t\t\t<div class=\"elementor-divider\">\n\t\t\t<span class=\"elementor-divider-separator\">\n\t\t\t\t\t\t<\/span>\n\t\t<\/div>\n\t\t\t\t\t\t<\/div>\n\t\t\t\t<\/div>\n\t\t\t\t<div class=\"elementor-element elementor-element-21a829d elementor-widget__width-initial elementor-invisible elementor-widget elementor-widget-text-editor\" data-id=\"21a829d\" data-element_type=\"widget\" data-settings=\"{&quot;_animation&quot;:&quot;fadeIn&quot;}\" data-widget_type=\"text-editor.default\">\n\t\t\t\t<div class=\"elementor-widget-container\">\n\t\t\t\t\t\t\t\t\t<p>Specjalizujemy si\u0119 w \u015bwiadczeniu wszechstronnych us\u0142ug zamiatark\u0105, dostosowanych do r\u00f3\u017cnorodnych potrzeb naszych klient\u00f3w. Nasza firma skupia si\u0119 na skutecznym utrzymaniu czysto\u015bci na obszarach zar\u00f3wno komercyjnych, jak i prywatnych, korzystaj\u0105c z zaawansowanych technologii maszynowych i do\u015bwiadczenia naszych pracownik\u00f3w. Zapewniamy kompleksowe usuwanie brudu, odpadk\u00f3w oraz innych zanieczyszcze\u0144, zar\u00f3wno w ramach regularnego utrzymania porz\u0105dku, jak i jednorazowych akcji sprz\u0105tania przed wa\u017cnymi wydarzeniami.<\/p><p>Nasze podej\u015bcie charakteryzuje profesjonalizm, terminowo\u015b\u0107 oraz atrakcyjne ceny, aby zagwarantowa\u0107 pe\u0142n\u0105 satysfakcj\u0119 naszych klient\u00f3w.<\/p>\t\t\t\t\t\t\t\t<\/div>\n\t\t\t\t<\/div>\n\t\t\t\t\t<\/div>\n\t\t<\/div>\n\t\t\t\t\t<\/div>\n\t\t<\/section>\n\t\t\t\t\t<\/div>\n\t\t<\/div>\n\t\t\t\t<div class=\"elementor-column elementor-col-50 elementor-top-column elementor-element elementor-element-1a6190e elementor-invisible\" data-id=\"1a6190e\" data-element_type=\"column\" data-settings=\"{&quot;background_background&quot;:&quot;classic&quot;,&quot;animation&quot;:&quot;fadeIn&quot;}\">\n\t\t\t<div class=\"elementor-widget-wrap elementor-element-populated\">\n\t\t\t\t\t\t<div class=\"elementor-element elementor-element-2943b02 elementor-widget elementor-widget-spacer\" data-id=\"2943b02\" data-element_type=\"widget\" data-widget_type=\"spacer.default\">\n\t\t\t\t<div class=\"elementor-widget-container\">\n\t\t\t\t\t\t\t<div class=\"elementor-spacer\">\n\t\t\t<div class=\"elementor-spacer-inner\"><\/div>\n\t\t<\/div>\n\t\t\t\t\t\t<\/div>\n\t\t\t\t<\/div>\n\t\t\t\t\t<\/div>\n\t\t<\/div>\n\t\t\t\t\t<\/div>\n\t\t<\/section>\n\t\t\t\t<\/div>\n\t\t","protected":false},"excerpt":{"rendered":"<p>US\u0141UGI ZAMIATAREK US\u0141UGI ZAMIATAREK Zamieciemy ka\u017cdy brud Specjalizujemy si\u0119 w \u015bwiadczeniu wszechstronnych us\u0142ug zamiatark\u0105, dostosowanych do r\u00f3\u017cnorodnych potrzeb naszych klient\u00f3w. Nasza firma skupia si\u0119 na skutecznym utrzymaniu czysto\u015bci na obszarach zar\u00f3wno komercyjnych, jak i prywatnych, korzystaj\u0105c z zaawansowanych technologii maszynowych i do\u015bwiadczenia naszych pracownik\u00f3w. Zapewniamy kompleksowe usuwanie brudu, odpadk\u00f3w oraz innych zanieczyszcze\u0144, zar\u00f3wno w ramach [&hellip;]<\/p>\n","protected":false},"author":1,"featured_media":0,"parent":0,"menu_order":0,"comment_status":"closed","ping_status":"closed","template":"elementor_header_footer","meta":{"footnotes":""},"_links":{"self":[{"href":"https:\/\/ek-bud.pl\/index.php\/wp-json\/wp\/v2\/pages\/958"}],"collection":[{"href":"https:\/\/ek-bud.pl\/index.php\/wp-json\/wp\/v2\/pages"}],"about":[{"href":"https:\/\/ek-bud.pl\/index.php\/wp-json\/wp\/v2\/types\/page"}],"author":[{"embeddable":true,"href":"https:\/\/ek-bud.pl\/index.php\/wp-json\/wp\/v2\/users\/1"}],"replies":[{"embeddable":true,"href":"https:\/\/ek-bud.pl\/index.php\/wp-json\/wp\/v2\/comments?post=958"}],"version-history":[{"count":19,"href":"https:\/\/ek-bud.pl\/index.php\/wp-json\/wp\/v2\/pages\/958\/revisions"}],"predecessor-version":[{"id":982,"href":"https:\/\/ek-bud.pl\/index.php\/wp-json\/wp\/v2\/pages\/958\/revisions\/982"}],"wp:attachment":[{"href":"https:\/\/ek-bud.pl\/index.php\/wp-json\/wp\/v2\/media?parent=958"}],"curies":[{"name":"wp","href":"https:\/\/api.w.org\/{rel}","templated":true}]}}